{"id":356,"date":"2018-03-20T16:51:39","date_gmt":"2018-03-20T15:51:39","guid":{"rendered":"http:\/\/medyk.rybnik.pl\/?page_id=356"},"modified":"2026-01-29T13:47:29","modified_gmt":"2026-01-29T12:47:29","slug":"aktualnosci","status":"publish","type":"page","link":"https:\/\/medyk.rybnik.pl\/","title":{"rendered":"Aktualno\u015bci"},"content":{"rendered":"\n<p><\/p>\n\n\n\n<p><strong>Telefony do rejestracji POZ <strong>tel. 327394297<\/strong><\/strong><\/p>\n\n\n\n<p>w godzinach 08:00-18:00<\/p>\n\n\n\n<figure class=\"wp-block-image size-large is-resized\"><a href=\"https:\/\/pzgomaz.com\/notLogged?customer=NZOZ_Medyk_w_Rybniku\"><img loading=\"lazy\" decoding=\"async\" width=\"855\" height=\"627\" src=\"https:\/\/medyk.rybnik.pl\/wp-content\/uploads\/2024\/06\/dlonie_biale_tlo_n.jpg\" alt=\"\" class=\"wp-image-511\" style=\"width:124px;height:90px\" srcset=\"https:\/\/medyk.rybnik.pl\/wp-content\/uploads\/2024\/06\/dlonie_biale_tlo_n.jpg 855w, https:\/\/medyk.rybnik.pl\/wp-content\/uploads\/2024\/06\/dlonie_biale_tlo_n-300x220.jpg 300w, https:\/\/medyk.rybnik.pl\/wp-content\/uploads\/2024\/06\/dlonie_biale_tlo_n-768x563.jpg 768w\" sizes=\"auto, (max-width: 855px) 100vw, 855px\" \/><\/a><\/figure>\n\n\n\n<pre class=\"wp-block-preformatted\">29.01.2026 <a href=\"https:\/\/medyk.rybnik.pl\/?page_id=531\" data-type=\"page\" data-id=\"531\">OG\u0141OSZENIE O BRAKOWANIU (ZNISZCZENIU) NIEARCHIWALNEJ DOKUMENTACJI MEDYCZNEJ <br><\/a><\/pre>\n\n\n\n<p><\/p>\n\n\n<pre>Obowi\u0105zek informacyjny <a href=\"http:\/\/medyk.rybnik.pl\/?page_id=383\">RODO<\/a><br \/><br \/><a href=\"http:\/\/medyk.rybnik.pl\/wp-content\/uploads\/2024\/08\/Standardy-ochrony-maloletnich-MEDYK-sp.-z-o.o..pdf\">Standardy ochrony ma\u0142oletnich - MEDYK sp. z o.o.<\/a><\/pre>\n\n<pre>Publikacja wyniku post\u0119powania nr 1\/2023<br \/><br \/><a href=\"http:\/\/medyk.rybnik.pl\/wp-content\/uploads\/2023\/09\/PPOUZ.pdf\">PPOUZ<\/a><\/pre>\n\n\n<div class=\"wp-block-group is-layout-flow wp-block-group-is-layout-flow\"><\/div>\n\n\n\n<p><\/p>\n","protected":false},"excerpt":{"rendered":"<p>Telefony do rejestracji POZ tel. 327394297 w godzinach 08:00-18:00 29.01.2026 OG\u0141OSZENIE O BRAKOWANIU (ZNISZCZENIU) NIEARCHIWALNEJ DOKUMENTACJI MEDYCZNEJ Obowi\u0105zek informacyjny RODOStandardy ochrony ma\u0142oletnich &#8211; MEDYK sp. z o.o. Publikacja wyniku post\u0119powania nr 1\/2023PPOUZ<\/p>\n","protected":false},"author":1,"featured_media":0,"parent":0,"menu_order":0,"comment_status":"closed","ping_status":"closed","template":"","meta":{"footnotes":""},"class_list":["post-356","page","type-page","status-publish","hentry"],"jetpack_sharing_enabled":true,"_links":{"self":[{"href":"https:\/\/medyk.rybnik.pl\/index.php?rest_route=\/wp\/v2\/pages\/356","targetHints":{"allow":["GET"]}}],"collection":[{"href":"https:\/\/medyk.rybnik.pl\/index.php?rest_route=\/wp\/v2\/pages"}],"about":[{"href":"https:\/\/medyk.rybnik.pl\/index.php?rest_route=\/wp\/v2\/types\/page"}],"author":[{"embeddable":true,"href":"https:\/\/medyk.rybnik.pl\/index.php?rest_route=\/wp\/v2\/users\/1"}],"replies":[{"embeddable":true,"href":"https:\/\/medyk.rybnik.pl\/index.php?rest_route=%2Fwp%2Fv2%2Fcomments&post=356"}],"version-history":[{"count":47,"href":"https:\/\/medyk.rybnik.pl\/index.php?rest_route=\/wp\/v2\/pages\/356\/revisions"}],"predecessor-version":[{"id":537,"href":"https:\/\/medyk.rybnik.pl\/index.php?rest_route=\/wp\/v2\/pages\/356\/revisions\/537"}],"wp:attachment":[{"href":"https:\/\/medyk.rybnik.pl\/index.php?rest_route=%2Fwp%2Fv2%2Fmedia&parent=356"}],"curies":[{"name":"wp","href":"https:\/\/api.w.org\/{rel}","templated":true}]}}