{"id":383,"date":"2018-05-24T20:14:19","date_gmt":"2018-05-24T19:14:19","guid":{"rendered":"http:\/\/medyk.rybnik.pl\/?page_id=383"},"modified":"2025-10-10T20:29:43","modified_gmt":"2025-10-10T19:29:43","slug":"rodo","status":"publish","type":"page","link":"https:\/\/medyk.rybnik.pl\/?page_id=383","title":{"rendered":"RODO"},"content":{"rendered":"<p>Rybnik, dn. 18.09.2025<\/p>\n<p><strong><u>KLAUZULA INFORMACYJNA RODO<\/u><\/strong><\/p>\n<p><strong><u>DLA PACJENT\u00d3W NZOZ MEDYK SP. Z O.O.<\/u><\/strong><\/p>\n<ol>\n<li>Administratorem Twoich danych osobowych jest \u201eNZOZ MEDYK Sp. z o.o.\u201d. W sprawie danych osobowych mo\u017cna skontaktowa\u0107 si\u0119 z <strong>Administratorem<\/strong> pisz\u0105c na adres<strong>:\u00a0\u00a0\u00a0\u00a0\u00a0\u00a0\u00a0\u00a0\u00a0\u00a0\u00a0\u00a0\u00a0\u00a0\u00a0\u00a0\u00a0\u00a0\u00a0\u00a0\u00a0\u00a0\u00a0\u00a0\u00a0\u00a0\u00a0\u00a0\u00a0\u00a0\u00a0\u00a0\u00a0\u00a0\u00a0\u00a0\u00a0\u00a0\u00a0\u00a0\u00a0 <\/strong><\/li>\n<\/ol>\n<p><strong>NZOZ MEDYK Sp. z o.o.<\/strong><\/p>\n<ol>\n<li><strong> Jastrz\u0119bska 12,<\/strong><\/li>\n<\/ol>\n<p><strong>44-253 Rybnik<\/strong><\/p>\n<p><strong>\/\/NIP:647-222-79-78<\/strong><\/p>\n<p><strong>REGON: 276783809\/\/<\/strong><\/p>\n<p>lub telefonuj\u0105c pod numer <strong>32 7394297.<\/strong><\/p>\n<p>Administrator powo\u0142a\u0142 inspektora ochrony danych osobowych (IOD), kt\u00f3ry jest osob\u0105 nadzoruj\u0105c\u0105 przestrzeganie zasad ochrony danych osobowych, jest nim Mirela Pytel-Mo\u015bcicka.<\/p>\n<p>Mo\u017cesz si\u0119 kontaktowa\u0107 z IOD w sprawie Twoich danych osobowych oraz w celu ustalenia terminu spotkania pisz\u0105c na adres:<\/p>\n<p><strong>dane.mpm@gmail.com<\/strong><\/p>\n<ol start=\"2\">\n<li>Cel przetwarzania danych osobowych:<\/li>\n<\/ol>\n<p>&#8211;<strong>Twoje dane przetwarzamy w celu realizacji praw pacjenta<\/strong>;<\/p>\n<p>a ponadto w celu;<\/p>\n<p>-udzielania \u015bwiadcze\u0144 zdrowotnych;<\/p>\n<p>-realizacji umowy z NFZ;<\/p>\n<p>-rozlicze\u0144 umowy z NFZ;<\/p>\n<p>-rozlicze\u0144 wizyt komercyjnych;<\/p>\n<p>-statystyki medycznej;<\/p>\n<p>-kontaktu telefonicznego;<\/p>\n<p>-nagrywanie rozm\u00f3w telefonicznych z rejestracj\u0105 stosowane jest w celu podniesienia bezpiecze\u0144stwa i rzetelno\u015bci obs\u0142ugi pacjenta. Zapisy rozm\u00f3w mog\u0105 s\u0142u\u017cy\u0107\u00a0 jako\u00a0 \u017ar\u00f3d\u0142o\u00a0 materia\u0142u\u00a0 dowodowego\u00a0 wobec\u00a0 os\u00f3b,\u00a0 kt\u00f3re\u00a0 dopu\u015bci\u0142y\u00a0 si\u0119 czynno\u015bci niedozwolonych.<\/p>\n<ol start=\"3\">\n<li>Odbiorcami Twoich danych osobowych s\u0105 osoby i podmioty wskazane w art. 26 Ustawy o Prawach Pacjenta i Rzeczniku Praw Pacjenta tj.<\/li>\n<\/ol>\n<p>&#8211; pacjentowi lub jego przedstawicielowi ustawowemu, b\u0105d\u017a osobie upowa\u017cnionej przez pacjenta,<\/p>\n<p>&#8211; podmiotom udzielaj\u0105cym \u015bwiadcze\u0144 zdrowotnych, je\u017celi dokumentacja ta jest niezb\u0119dna do zapewnienia ci\u0105g\u0142o\u015bci \u015bwiadcze\u0144 zdrowotnych,<\/p>\n<p>&#8211; organom w\u0142adzy publicznej, Narodowemu Funduszowi Zdrowia, organom samorz\u0105du zawod\u00f3w medycznych oraz konsultantom krajowym i wojew\u00f3dzkim, w zakresie\u00a0\u00a0\u00a0\u00a0\u00a0\u00a0\u00a0\u00a0\u00a0\u00a0\u00a0\u00a0\u00a0\u00a0\u00a0\u00a0\u00a0\u00a0\u00a0\u00a0\u00a0\u00a0\u00a0\u00a0\u00a0\u00a0\u00a0\u00a0\u00a0\u00a0 niezb\u0119dnym do wykonywania przez te podmioty ich zada\u0144, w szczeg\u00f3lno\u015bci kontroli\u00a0\u00a0\u00a0\u00a0\u00a0\u00a0\u00a0\u00a0\u00a0\u00a0\u00a0\u00a0\u00a0\u00a0\u00a0\u00a0 i nadzoru,<\/p>\n<p>&#8211; podmiotom wymienionym w Ustawie o dzia\u0142alno\u015bci leczniczej w zakresie niezb\u0119dnym do przeprowadzenia kontroli na zlecenie ministra w\u0142a\u015bciwego do spraw zdrowia,<\/p>\n<p>&#8211; ministrowi w\u0142a\u015bciwemu do spraw zdrowia, s\u0105dom, w tym s\u0105dom dyscyplinarnym, prokuraturom, lekarzom s\u0105dowym i rzecznikom odpowiedzialno\u015bci zawodowej,\u00a0\u00a0\u00a0\u00a0\u00a0\u00a0\u00a0\u00a0\u00a0\u00a0\u00a0\u00a0\u00a0\u00a0\u00a0\u00a0\u00a0\u00a0\u00a0\u00a0\u00a0\u00a0\u00a0\u00a0\u00a0 w zwi\u0105zku z prowadzonym post\u0119powaniem,<\/p>\n<p>&#8211;\u00a0 uprawnionym na mocy odr\u0119bnych ustaw organom i instytucjom, je\u017celi badanie zosta\u0142o przeprowadzone na ich wniosek,<\/p>\n<p>&#8211; organom rentowym oraz zespo\u0142om do spraw orzekania o niepe\u0142nosprawno\u015bci,\u00a0\u00a0\u00a0\u00a0\u00a0\u00a0\u00a0\u00a0\u00a0\u00a0\u00a0\u00a0\u00a0\u00a0\u00a0\u00a0\u00a0\u00a0\u00a0\u00a0\u00a0\u00a0\u00a0\u00a0\u00a0\u00a0\u00a0\u00a0 w zwi\u0105zku z prowadzonym przez nie post\u0119powaniem,<\/p>\n<p>&#8211; podmiotom prowadz\u0105cym rejestry us\u0142ug medycznych, w zakresie niezb\u0119dnym\u00a0\u00a0\u00a0\u00a0\u00a0\u00a0\u00a0\u00a0\u00a0\u00a0\u00a0\u00a0\u00a0\u00a0\u00a0\u00a0\u00a0\u00a0\u00a0\u00a0\u00a0\u00a0\u00a0\u00a0\u00a0 do prowadzenia rejestr\u00f3w,<\/p>\n<p>&#8211; zak\u0142adom ubezpiecze\u0144, za zgod\u0105 pacjenta,<\/p>\n<p>&#8211; lekarzowi, piel\u0119gniarce lub po\u0142o\u017cnej, w zwi\u0105zku z prowadzeniem procedury oceniaj\u0105cej podmiot udzielaj\u0105cy \u015bwiadcze\u0144 zdrowotnych na podstawie przepis\u00f3w\u00a0\u00a0\u00a0\u00a0\u00a0\u00a0\u00a0\u00a0\u00a0\u00a0\u00a0\u00a0\u00a0\u00a0\u00a0\u00a0\u00a0\u00a0\u00a0\u00a0\u00a0\u00a0 o akredytacji w ochronie zdrowia, w zakresie niezb\u0119dnym do jej przeprowadzenia,<\/p>\n<p>&#8211; wojew\u00f3dzkiej komisji do spraw orzekania o zdarzeniach medycznych, w zakresie prowadzonego post\u0119powania,<\/p>\n<p>&#8211; spadkobiercom w zakresie prowadzonego post\u0119powania przed wojew\u00f3dzk\u0105 komisj\u0105 do spraw orzekania o zdarzeniach medycznych,<\/p>\n<p>&#8211; podmiotom \u015bwiadcz\u0105cym us\u0142ug\u0119 przetwarzania na rzecz administratora danych\u00a0\u00a0\u00a0\u00a0\u00a0\u00a0\u00a0\u00a0\u00a0\u00a0\u00a0\u00a0\u00a0\u00a0\u00a0\u00a0\u00a0\u00a0\u00a0\u00a0\u00a0\u00a0 na podstawie umowy powierzenia (informatycy, dostawcy oprogramowania, biuro rachunkowe).<\/p>\n<ol start=\"4\">\n<li>Zgodnie z art. 29 Ustawy o Prawach Pacjenta i Rzeczniku Praw Pacjenta Twoje dane zwi\u0105zane z udzieleniem \u015bwiadcze\u0144 medycznych b\u0119d\u0105 przechowywane 20 lat, licz\u0105c od ko\u0144ca roku kalendarzowego, w kt\u00f3rym dokonano ostatniego wpisu, z wyj\u0105tkiem;<\/li>\n<\/ol>\n<p>-dokumentacji medycznej w przypadku zgonu pacjenta na skutek uszkodzenia cia\u0142a lub zatrucia, kt\u00f3ra jest przechowywana przez okres 30 lat, licz\u0105c od ko\u0144ca roku kalendarzowego, w kt\u00f3rym nast\u0105pi\u0142 zgon;<\/p>\n<p>-dokumentacji medycznej zawieraj\u0105cej dane niezb\u0119dne do monitorowania los\u00f3w krwi i jej sk\u0142adnik\u00f3w, kt\u00f3ra jest przechowywana przez okres 30 lat, licz\u0105c od ko\u0144ca roku kalendarzowego, w kt\u00f3rym dokonano ostatniego wpisu;<\/p>\n<p>-zdj\u0119\u0107 rentgenowskich przechowywanych poza dokumentacj\u0105 medyczn\u0105 pacjenta, kt\u00f3re s\u0105 przechowywane przez okres 10 lat, licz\u0105c od ko\u0144ca roku kalendarzowego, w kt\u00f3rym wykonano zdj\u0119cie;<\/p>\n<p>Skierowa\u0144 na badania lub zlece\u0144 lekarza, kt\u00f3re s\u0105 przechowywane przez okres:<\/p>\n<p>-5 lat, licz\u0105c od ko\u0144ca roku kalendarzowego, w kt\u00f3rym udzielono \u015bwiadczenia zdrowotnego b\u0119d\u0105cego przedmiotem skierowania lub zlecenia lekarza,<\/p>\n<p>-2 lat, licz\u0105c od ko\u0144ca roku kalendarzowego, w kt\u00f3rym wystawiono skierowanie \u2013 w przypadku gdy \u015bwiadczenie zdrowotne nie zosta\u0142o udzielone z powodu niezg\u0142oszenia si\u0119 pacjenta w ustalonym terminie, chyba \u017ce pacjent odebra\u0142 skierowanie;<\/p>\n<p>-dokumentacji medycznej dotycz\u0105cej dzieci do uko\u0144czenia 2. roku \u017cycia, kt\u00f3ra jest przechowywana przez okres 22 lat.<\/p>\n<p>Po up\u0142ywie okres\u00f3w wymienionych podmiot udzielaj\u0105cy \u015bwiadcze\u0144 zdrowotnych niszczy dokumentacj\u0119 medyczn\u0105 w spos\u00f3b uniemo\u017cliwiaj\u0105cy identyfikacj\u0119 pacjenta, kt\u00f3rego dotyczy\u0142a. Dokumentacja medyczna przeznaczona do zniszczenia mo\u017ce by\u0107 wydana pacjentowi, jego przedstawicielowi ustawowemu lub osobie upowa\u017cnionej przez pacjenta.<\/p>\n<p>Rejestry dotycz\u0105ce udost\u0119pnie\u0144:<\/p>\n<p>&#8211; dokumentacji medycznej;<\/p>\n<p>&#8211; orzecze\u0144 z zakresu medycyny pracy;<\/p>\n<p>&#8211; orzecze\u0144 do cel\u00f3w sanitarno-epidemiologicznych;<\/p>\n<p>przechowujemy 20 lat.<\/p>\n<p>Faktury Vat przechowujemy 5 lat.<\/p>\n<p>-Zapisy z system\u00f3w nagrywania rozm\u00f3w\u00a0 telefonicznych z rejestracj\u0105 przechowywane\u00a0 b\u0119d\u0105\u00a0 trzy miesi\u0105ce\u00a0 od\u00a0 dnia\u00a0 nagrania. W\u00a0 przypadku,\u00a0 w\u00a0 kt\u00f3rym\u00a0 nagranie\u00a0\u00a0 stanowi dow\u00f3d w post\u0119powaniu prowadzonym na podstawie prawa lub gdy administrator powzi\u0105\u0142 wiadomo\u015b\u0107, i\u017c mog\u0105 one stanowi\u0107 dow\u00f3d w post\u0119powaniu, termin ten ulega przed\u0142u\u017ceniu do czasu prawomocnego\u00a0 zako\u0144czenia\u00a0 post\u0119powania. Po\u00a0 up\u0142ywie tych okres\u00f3w nagrania zawieraj\u0105ce dane osobowe, podlegaj\u0105 zniszczeniu.<\/p>\n<ol start=\"5\">\n<li>Podanie danych osobowych jest wymogiem ustawowym wynika z art. 25 Ustawy o Prawach Pacjenta i Rzeczniku Praw Pacjenta. Dokumentacja medyczna zawiera co najmniej: nazwisko i imi\u0119, dat\u0119 urodzenia, oznaczenie p\u0142ci, adres miejsca zamieszkania, numer PESEL, a w przypadku, gdy pacjentem jest osoba ma\u0142oletnia, ca\u0142kowicie ubezw\u0142asnowolniona lub niezdolna do \u015bwiadomego wyra\u017cenia zgody nazwisko i imi\u0119 (imiona) przedstawiciela ustawowego oraz adres jego miejsca zamieszkania.<\/li>\n<\/ol>\n<p>Konieczne jest podanie serii i numeru dokumentu to\u017csamo\u015bci w oparciu o Ustaw\u0119 o \u015awiadczeniu Opieki Zdrowotnej Finansowanej ze \u015arodk\u00f3w Publicznych w sytuacji gdy nie uzyskano pozytywnej weryfikacji dotycz\u0105cej nieodp\u0142atnego \u015bwiadczenia finansowanego ze \u015brodk\u00f3w publicznych.<\/p>\n<p>Dane dobrowolne to: nr telefonu oraz adres e-mail, kt\u00f3re s\u0105 zbierane na mocy Ustawy o POZ.<\/p>\n<p><strong>Brak podania danych osobowych b\u0119dzie skutkowa\u0142 mo\u017cliwo\u015bci\u0105 odst\u0105pienia od udzielania \u015bwiadcze\u0144.\u00a0 <\/strong><\/p>\n<ol start=\"6\">\n<li>Masz prawo \u017c\u0105dania od Administratora;<\/li>\n<\/ol>\n<p>-dost\u0119pu do danych osobowych dotycz\u0105cych osoby, kt\u00f3rej dane dotycz\u0105;<\/p>\n<p>-ich sprostowania (poprawienia);<\/p>\n<p>-usuni\u0119cia w zakresie przewidzianym przepisami prawa;<\/p>\n<p>-ograniczenia przetwarzania (numer telefonu);<\/p>\n<p>-masz mo\u017cliwo\u015b\u0107 wniesienia skargi do organu nadzorczego na tryb i spos\u00f3b przetwarzania danych osobowych przez administratora, je\u015bli uznasz za uzasadnione, \u017ce Twoje dane osobowe s\u0105 przetwarzane niezgodnie z Rozporz\u0105dzeniem o ochronie danych osobowych z dnia 27 kwietna 2016 r. pisz\u0105c na adres<\/p>\n<p><strong>Urz\u0105d Ochrony Danych Osobowych<\/strong><\/p>\n<ol>\n<li><strong> Stanis\u0142awa Moniuszki 1A<\/strong><\/li>\n<\/ol>\n<p><strong>00-014 Warszawa<\/strong><\/p>\n<ol start=\"7\">\n<li>Tw\u00f3j numer PESEL b\u0119dzie przetwarzany w spos\u00f3b zautomatyzowany w celu uzyskania informacji dotycz\u0105cej potwierdzenia prawa do uzyskania \u015bwiadcze\u0144 opieki zdrowotnej finansowanej ze \u015brodk\u00f3w publicznych.<\/li>\n<\/ol>\n","protected":false},"excerpt":{"rendered":"<p>Rybnik, dn. 18.09.2025 KLAUZULA INFORMACYJNA RODO DLA PACJENT\u00d3W NZOZ MEDYK SP. Z O.O. Administratorem Twoich danych osobowych jest \u201eNZOZ MEDYK Sp. z o.o.\u201d. W sprawie danych osobowych mo\u017cna skontaktowa\u0107 si\u0119 z Administratorem pisz\u0105c na adres:\u00a0\u00a0\u00a0\u00a0\u00a0\u00a0\u00a0\u00a0\u00a0\u00a0\u00a0\u00a0\u00a0\u00a0\u00a0\u00a0\u00a0\u00a0\u00a0\u00a0\u00a0\u00a0\u00a0\u00a0\u00a0\u00a0\u00a0\u00a0\u00a0\u00a0\u00a0\u00a0\u00a0\u00a0\u00a0\u00a0\u00a0\u00a0\u00a0\u00a0\u00a0 NZOZ MEDYK Sp. z o.o. Jastrz\u0119bska 12, 44-253 Rybnik \/\/NIP:647-222-79-78&hellip;<\/p>\n","protected":false},"author":1,"featured_media":0,"parent":0,"menu_order":0,"comment_status":"closed","ping_status":"closed","template":"","meta":{"footnotes":""},"class_list":["post-383","page","type-page","status-publish","hentry"],"jetpack_sharing_enabled":true,"_links":{"self":[{"href":"https:\/\/medyk.rybnik.pl\/index.php?rest_route=\/wp\/v2\/pages\/383","targetHints":{"allow":["GET"]}}],"collection":[{"href":"https:\/\/medyk.rybnik.pl\/index.php?rest_route=\/wp\/v2\/pages"}],"about":[{"href":"https:\/\/medyk.rybnik.pl\/index.php?rest_route=\/wp\/v2\/types\/page"}],"author":[{"embeddable":true,"href":"https:\/\/medyk.rybnik.pl\/index.php?rest_route=\/wp\/v2\/users\/1"}],"replies":[{"embeddable":true,"href":"https:\/\/medyk.rybnik.pl\/index.php?rest_route=%2Fwp%2Fv2%2Fcomments&post=383"}],"version-history":[{"count":7,"href":"https:\/\/medyk.rybnik.pl\/index.php?rest_route=\/wp\/v2\/pages\/383\/revisions"}],"predecessor-version":[{"id":521,"href":"https:\/\/medyk.rybnik.pl\/index.php?rest_route=\/wp\/v2\/pages\/383\/revisions\/521"}],"wp:attachment":[{"href":"https:\/\/medyk.rybnik.pl\/index.php?rest_route=%2Fwp%2Fv2%2Fmedia&parent=383"}],"curies":[{"name":"wp","href":"https:\/\/api.w.org\/{rel}","templated":true}]}}