{"id":40,"date":"2018-03-07T22:49:48","date_gmt":"2018-03-07T21:49:48","guid":{"rendered":"http:\/\/medyk.rybnik.pl\/?page_id=40"},"modified":"2024-01-08T16:35:24","modified_gmt":"2024-01-08T15:35:24","slug":"lekarze-nzoz-medyk-sp-z-o-o","status":"publish","type":"page","link":"https:\/\/medyk.rybnik.pl\/?page_id=40","title":{"rendered":"lekarze NZOZ MEDYK Sp. z o.o."},"content":{"rendered":"<ul>\n<li><span style=\"font-size: 12px;\">lekarz specjalista medycyny rodzinnej, lekarz specjalista medycyny pracy, lekarz medycyny pracy &#8211; El\u017cbieta Wypi\u00f3r &#8211; Stenzel<\/span><\/li>\n<li><span style=\"font-size: 12px;\">lekarz specjalista medycyny rodzinnej, lekarz medycyny pracy &#8211; Jerzy Roezner<\/span><\/li>\n<li><span style=\"font-size: 12px;\">lekarz chor\u00f3b wewn\u0119trznych, specjalista medycyny pracy &#8211; Janusz Kulisz<\/span><\/li>\n<li><span style=\"font-size: 12px;\">lekarz chor\u00f3b wewn\u0119trznych, Anna Zieli\u0144ska-H\u0142adki<\/span><\/li>\n<li><span style=\"font-size: 12px;\">lekarz specjalista Otolaryngolog &#8211; Micha\u0142 Szu\u015bcik.<\/span><\/li>\n<li><span style=\"font-size: 12px;\">lekarz specjalista okulista Izabela Raniszewska<\/span><\/li>\n<li><span style=\"font-size: 12px;\">lekarz radiolog Piotr Lanuszny<\/span><\/li>\n<li><span style=\"font-size: 12px;\">lekarz Ewa Klisiewicz<\/span><\/li>\n<\/ul>\n","protected":false},"excerpt":{"rendered":"<p>lekarz specjalista medycyny rodzinnej, lekarz specjalista medycyny pracy, lekarz medycyny pracy &#8211; El\u017cbieta Wypi\u00f3r &#8211; Stenzel lekarz specjalista medycyny rodzinnej, lekarz medycyny pracy &#8211; Jerzy Roezner lekarz chor\u00f3b wewn\u0119trznych, specjalista medycyny pracy &#8211; Janusz Kulisz lekarz chor\u00f3b wewn\u0119trznych, Anna Zieli\u0144ska-H\u0142adki lekarz specjalista Otolaryngolog &#8211; Micha\u0142&hellip;<\/p>\n","protected":false},"author":1,"featured_media":0,"parent":0,"menu_order":0,"comment_status":"closed","ping_status":"closed","template":"","meta":{"footnotes":""},"class_list":["post-40","page","type-page","status-publish","hentry"],"jetpack_sharing_enabled":true,"_links":{"self":[{"href":"https:\/\/medyk.rybnik.pl\/index.php?rest_route=\/wp\/v2\/pages\/40","targetHints":{"allow":["GET"]}}],"collection":[{"href":"https:\/\/medyk.rybnik.pl\/index.php?rest_route=\/wp\/v2\/pages"}],"about":[{"href":"https:\/\/medyk.rybnik.pl\/index.php?rest_route=\/wp\/v2\/types\/page"}],"author":[{"embeddable":true,"href":"https:\/\/medyk.rybnik.pl\/index.php?rest_route=\/wp\/v2\/users\/1"}],"replies":[{"embeddable":true,"href":"https:\/\/medyk.rybnik.pl\/index.php?rest_route=%2Fwp%2Fv2%2Fcomments&post=40"}],"version-history":[{"count":11,"href":"https:\/\/medyk.rybnik.pl\/index.php?rest_route=\/wp\/v2\/pages\/40\/revisions"}],"predecessor-version":[{"id":508,"href":"https:\/\/medyk.rybnik.pl\/index.php?rest_route=\/wp\/v2\/pages\/40\/revisions\/508"}],"wp:attachment":[{"href":"https:\/\/medyk.rybnik.pl\/index.php?rest_route=%2Fwp%2Fv2%2Fmedia&parent=40"}],"curies":[{"name":"wp","href":"https:\/\/api.w.org\/{rel}","templated":true}]}}