{"id":47,"date":"2018-03-07T22:55:59","date_gmt":"2018-03-07T21:55:59","guid":{"rendered":"http:\/\/medyk.rybnik.pl\/?page_id=47"},"modified":"2018-05-24T23:34:55","modified_gmt":"2018-05-24T22:34:55","slug":"poradnia-otolaryngologiczna","status":"publish","type":"page","link":"https:\/\/medyk.rybnik.pl\/?page_id=47","title":{"rendered":"Poradnia otolaryngologiczna"},"content":{"rendered":"<h5>NZOZ-Medyk Sp. z o.o. Porady na NFZ<\/h5>\n<h5>Rejestracja: tel. 32-7394291<\/h5>\n<h5 style=\"line-height: 35.36px; font-family: 'OpenSans',Helvetica,Arial,sans-serif; max-width: 100%;\">Micha\u0142 Szu\u015bcik<\/h5>\n<h5>Wt 12-18,\u015ar Pt 8-12<\/h5>\n","protected":false},"excerpt":{"rendered":"<p>NZOZ-Medyk Sp. z o.o. Porady na NFZ Rejestracja: tel. 32-7394291 Micha\u0142 Szu\u015bcik Wt 12-18,\u015ar Pt 8-12<\/p>\n","protected":false},"author":1,"featured_media":0,"parent":0,"menu_order":0,"comment_status":"closed","ping_status":"closed","template":"","meta":{"footnotes":""},"class_list":["post-47","page","type-page","status-publish","hentry"],"jetpack_sharing_enabled":true,"_links":{"self":[{"href":"https:\/\/medyk.rybnik.pl\/index.php?rest_route=\/wp\/v2\/pages\/47","targetHints":{"allow":["GET"]}}],"collection":[{"href":"https:\/\/medyk.rybnik.pl\/index.php?rest_route=\/wp\/v2\/pages"}],"about":[{"href":"https:\/\/medyk.rybnik.pl\/index.php?rest_route=\/wp\/v2\/types\/page"}],"author":[{"embeddable":true,"href":"https:\/\/medyk.rybnik.pl\/index.php?rest_route=\/wp\/v2\/users\/1"}],"replies":[{"embeddable":true,"href":"https:\/\/medyk.rybnik.pl\/index.php?rest_route=%2Fwp%2Fv2%2Fcomments&post=47"}],"version-history":[{"count":2,"href":"https:\/\/medyk.rybnik.pl\/index.php?rest_route=\/wp\/v2\/pages\/47\/revisions"}],"predecessor-version":[{"id":389,"href":"https:\/\/medyk.rybnik.pl\/index.php?rest_route=\/wp\/v2\/pages\/47\/revisions\/389"}],"wp:attachment":[{"href":"https:\/\/medyk.rybnik.pl\/index.php?rest_route=%2Fwp%2Fv2%2Fmedia&parent=47"}],"curies":[{"name":"wp","href":"https:\/\/api.w.org\/{rel}","templated":true}]}}