{"id":49,"date":"2018-03-07T22:57:28","date_gmt":"2018-03-07T21:57:28","guid":{"rendered":"http:\/\/medyk.rybnik.pl\/?page_id=49"},"modified":"2019-05-25T08:46:35","modified_gmt":"2019-05-25T07:46:35","slug":"49-2","status":"publish","type":"page","link":"https:\/\/medyk.rybnik.pl\/?page_id=49","title":{"rendered":"Poradnia Medycyny Pracy"},"content":{"rendered":"<p class=\"p1\"><span class=\"s1\" style=\"font-size:12px;\">Poradnia Medycyny Pracy NZOZ Medyk sp.z o.o \u015bwiadczy <b>kompleksowe us\u0142ugi dla firm i os\u00f3b fizycznych<\/b>, wykonuj\u0105c wszystkie wymagane prawem badania profilaktyczne pracownik\u00f3w. Wykonujemy:<\/span><\/p>\n<ul class=\"ul1\">\n<li class=\"li2\"><span class=\"s1\" style=\"font-size:12px;\">badania wst\u0119pne, okresowe i kontrolne<\/span><\/li>\n<li class=\"li2\"><span class=\"s1\" style=\"font-size:12px;\">badania wysoko\u015bciowe<\/span><\/li>\n<li class=\"li2\"><span class=\"s1\" style=\"font-size:12px;\">badania kierowc\u00f3w kat. A, B, C, D, E i T<\/span><\/li>\n<li class=\"li2\"><span class=\"s1\" style=\"font-size:12px;\">badania operator\u00f3w maszyn<\/span><\/li>\n<li class=\"li2\"><span class=\"s1\" style=\"font-size:12px;\">badania psychotechniczne<\/span><\/li>\n<li class=\"li2\"><span class=\"s1\" style=\"font-size:12px;\">badania do cel\u00f3w sanitarno-epidemiologicznych<\/span><\/li>\n<li class=\"li2\"><span class=\"s1\" style=\"font-size:12px;\">badania uczni\u00f3w, student\u00f3w, doktorant\u00f3w<\/span><\/li>\n<li class=\"li1\"><span class=\"s1\" style=\"font-size:12px;\">orzecznictwo lekarskie i psychologiczne<\/span><\/li>\n<li class=\"li2\"><span class=\"s1\" style=\"font-size:12px;\">os\u00f3b nara\u017conych na promieniowanie jonizuj\u0105ce<\/span><\/li>\n<li class=\"li2\"><span class=\"s1\" style=\"font-size:12px;\">pracownik\u00f3w g\u00f3rnictwa<\/span><\/li>\n<li class=\"li2\"><span class=\"s1\" style=\"font-size:12px;\">kurator\u00f3w s\u0105dowych, s\u0119dzi\u00f3w i prokurator\u00f3w <\/span><\/li>\n<\/ul>\n<p><span style=\"font-size:12px;\">badania wykonuj\u0105 :<\/span><br \/>\n<span style=\"font-size:12px;\">El\u017cbieta Wypi\u00f3r-Stenzel<\/span><br \/>\n<span style=\"font-size:12px;\">Janusz Kulisz<\/span><br \/>\n<span style=\"font-size:12px;\">Jerzy Roezner<\/span><br \/>\n<span style=\"font-size:12px;\">czynna w godzinach 8:00 &#8211; 14:30<\/span><br \/>\n<span style=\"font-size:12px;\">Rejestracja: tel. 32-7394291<\/span><\/p>\n","protected":false},"excerpt":{"rendered":"<p>Poradnia Medycyny Pracy NZOZ Medyk sp.z o.o \u015bwiadczy kompleksowe us\u0142ugi dla firm i os\u00f3b fizycznych, wykonuj\u0105c wszystkie wymagane prawem badania profilaktyczne pracownik\u00f3w. Wykonujemy: badania wst\u0119pne, okresowe i kontrolne badania wysoko\u015bciowe badania kierowc\u00f3w kat. A, B, C, D, E i T badania operator\u00f3w maszyn badania psychotechniczne&hellip;<\/p>\n","protected":false},"author":1,"featured_media":0,"parent":0,"menu_order":0,"comment_status":"closed","ping_status":"closed","template":"","meta":{"footnotes":""},"class_list":["post-49","page","type-page","status-publish","hentry"],"jetpack_sharing_enabled":true,"_links":{"self":[{"href":"https:\/\/medyk.rybnik.pl\/index.php?rest_route=\/wp\/v2\/pages\/49","targetHints":{"allow":["GET"]}}],"collection":[{"href":"https:\/\/medyk.rybnik.pl\/index.php?rest_route=\/wp\/v2\/pages"}],"about":[{"href":"https:\/\/medyk.rybnik.pl\/index.php?rest_route=\/wp\/v2\/types\/page"}],"author":[{"embeddable":true,"href":"https:\/\/medyk.rybnik.pl\/index.php?rest_route=\/wp\/v2\/users\/1"}],"replies":[{"embeddable":true,"href":"https:\/\/medyk.rybnik.pl\/index.php?rest_route=%2Fwp%2Fv2%2Fcomments&post=49"}],"version-history":[{"count":5,"href":"https:\/\/medyk.rybnik.pl\/index.php?rest_route=\/wp\/v2\/pages\/49\/revisions"}],"predecessor-version":[{"id":417,"href":"https:\/\/medyk.rybnik.pl\/index.php?rest_route=\/wp\/v2\/pages\/49\/revisions\/417"}],"wp:attachment":[{"href":"https:\/\/medyk.rybnik.pl\/index.php?rest_route=%2Fwp%2Fv2%2Fmedia&parent=49"}],"curies":[{"name":"wp","href":"https:\/\/api.w.org\/{rel}","templated":true}]}}