{"id":51,"date":"2018-03-07T22:59:27","date_gmt":"2018-03-07T21:59:27","guid":{"rendered":"http:\/\/medyk.rybnik.pl\/?page_id=51"},"modified":"2021-07-01T00:23:50","modified_gmt":"2021-06-30T23:23:50","slug":"poradnia-podstawowej-opieki-zdrowotnej","status":"publish","type":"page","link":"https:\/\/medyk.rybnik.pl\/?page_id=51","title":{"rendered":"Poradnia Podstawowej Opieki Zdrowotnej"},"content":{"rendered":"<p>Czynna w godzinach 8:00 &#8211; 18:00<\/p>\n<p>Rejestracja: tel. 32-7394297<\/p>\n<p>El\u017cbieta Wypi\u00f3r-Stenzel<\/p>\n<p>Pn 9:30-12:30,Wt 12:15-15:15,Sr 8:00-12:00,Cz 13:00-18:00,Pt 8:00-12:00<\/p>\n<p>wizyty domowe: Pn 12:30-13:30 Wt 15:15-16:15 \u015ar 12:00-13:00 Pt 12:00-13:00<\/p>\n<p>Jerzy Roezner<\/p>\n<p>Pn 8-12,Wt 8-12,Sr 12-16,Cz 8-12,Pt 12-16<\/p>\n<p>wizyty domowe: Pn Wt Czw 12-13:30,\u015ar Pt 16-18,<\/p>\n<p>Anna Zieli\u0144ska-H\u0142adki<\/p>\n<p>Pn Wt \u015ar Cz Pt 8.30-13.30<\/p>\n<p>wizyty domowe: Pn Wt \u015ar Cz Pt 13.30-15.35<\/p>\n<p>Janusz Kulisz<\/p>\n<p>Pn Wt Cz 8-13,\u015ar Pt 12-18<\/p>\n<p>wizyty domowe: Pn Wt Cz 13-14.35 \u015ar Pt 10.25-12<\/p>\n<p>Ewa Klisiewicz<\/p>\n<p>Czwartek 13:00-18:00<\/p>\n","protected":false},"excerpt":{"rendered":"<p>Czynna w godzinach 8:00 &#8211; 18:00 Rejestracja: tel. 32-7394297 El\u017cbieta Wypi\u00f3r-Stenzel Pn 9:30-12:30,Wt 12:15-15:15,Sr 8:00-12:00,Cz 13:00-18:00,Pt 8:00-12:00 wizyty domowe: Pn 12:30-13:30 Wt 15:15-16:15 \u015ar 12:00-13:00 Pt 12:00-13:00 Jerzy Roezner Pn 8-12,Wt 8-12,Sr 12-16,Cz 8-12,Pt 12-16 wizyty domowe: Pn Wt Czw 12-13:30,\u015ar Pt 16-18, Anna Zieli\u0144ska-H\u0142adki&hellip;<\/p>\n","protected":false},"author":1,"featured_media":0,"parent":0,"menu_order":0,"comment_status":"closed","ping_status":"closed","template":"","meta":{"footnotes":""},"class_list":["post-51","page","type-page","status-publish","hentry"],"jetpack_sharing_enabled":true,"_links":{"self":[{"href":"https:\/\/medyk.rybnik.pl\/index.php?rest_route=\/wp\/v2\/pages\/51","targetHints":{"allow":["GET"]}}],"collection":[{"href":"https:\/\/medyk.rybnik.pl\/index.php?rest_route=\/wp\/v2\/pages"}],"about":[{"href":"https:\/\/medyk.rybnik.pl\/index.php?rest_route=\/wp\/v2\/types\/page"}],"author":[{"embeddable":true,"href":"https:\/\/medyk.rybnik.pl\/index.php?rest_route=\/wp\/v2\/users\/1"}],"replies":[{"embeddable":true,"href":"https:\/\/medyk.rybnik.pl\/index.php?rest_route=%2Fwp%2Fv2%2Fcomments&post=51"}],"version-history":[{"count":5,"href":"https:\/\/medyk.rybnik.pl\/index.php?rest_route=\/wp\/v2\/pages\/51\/revisions"}],"predecessor-version":[{"id":424,"href":"https:\/\/medyk.rybnik.pl\/index.php?rest_route=\/wp\/v2\/pages\/51\/revisions\/424"}],"wp:attachment":[{"href":"https:\/\/medyk.rybnik.pl\/index.php?rest_route=%2Fwp%2Fv2%2Fmedia&parent=51"}],"curies":[{"name":"wp","href":"https:\/\/api.w.org\/{rel}","templated":true}]}}