{"id":531,"date":"2026-01-29T13:27:39","date_gmt":"2026-01-29T12:27:39","guid":{"rendered":"https:\/\/medyk.rybnik.pl\/?page_id=531"},"modified":"2026-01-29T13:41:10","modified_gmt":"2026-01-29T12:41:10","slug":"ogloszenie-o-brakowaniu-niszczeniu-niearchiwalnej-dokumentacji-medycznej","status":"publish","type":"page","link":"https:\/\/medyk.rybnik.pl\/?page_id=531","title":{"rendered":"Og\u0142oszenie o brakowaniu (niszczeniu) niearchiwalnej  dokumentacji medycznej"},"content":{"rendered":"\n<pre class=\"wp-block-preformatted\">OG\u0141OSZENIE O BRAKOWANIU (ZNISZCZENIU) NIEARCHIWALNEJ DOKUMENTACJI MEDYCZNEJ <br><br>     NZOZ Medyk sp. z o.o. w Rybniku informuje o utylizacji niearchiwalnej dokumentacji medycznej wytworzonej przez G\u00f3rniczy Zesp\u00f3\u0142 Opieki Zdrowotnej w Rybniku \u2013 historie choroby pacjent\u00f3w z lat 1989-1995. <br><br>Kliszy RTG \u2013 z lat 2012-2015<br>Opisy zdj\u0119\u0107 RTG- 2003-2005<br><br>     Osoby zainteresowane odbiorem niearchiwalnej dokumentacji medycznej przeznaczonej do zniszczenia tj. pacjent, jego przedstawiciel ustawowy, b\u0105d\u017a osoba uprawniona przez pacjenta b\u0119d\u0105 mog\u0142y j\u0105 odebra\u0107 po uprzednim z\u0142o\u017ceniu wniosku do dnia 27 lutego 2026 roku w rejestracji NZOZ Medyk od poniedzia\u0142ku do pi\u0105tku w godzinach 8.00 do 18.00.<br>Po w\/w terminie niearchiwalna dokumentacja medyczna - historia choroby -  zostanie przekazana do utylizacji. <br>Formularz wniosku oraz upowa\u017cnienie s\u0105 dost\u0119pne: <br>    a) na stronie internetowej przychodni, <br>    b) w rejestracji.<br>Osoby zainteresowane odbiorem niearchiwalnej dokumentacji medycznej prosimy i kontakt telefoniczny pod numerem telefonu: 32 7394297<br>Dokumentacja b\u0119dzie wydana (lub zostanie wys\u0142ana na adres wskazany we wniosku) w terminie uzgodnionym telefonicznie za okazaniem dokumentu to\u017csamo\u015bci lub stosownego upowa\u017cnienia. <br>Podstawa prawna:<br>Art. 29 ust. 2 Ustawy z dnia 6 listopada 2008 r. o prawach pacjenta i Rzeczniku Praw Pacjenta. <br><br>*W przypadku nie odebrania dokument\u00f3w w ci\u0105gu 30 dni od ich przygotowania zostan\u0105 zniszczone. <br><\/pre>\n\n\n\n<div class=\"wp-block-file\"><a id=\"wp-block-file--media-12a6e135-3065-4056-9bc2-3bc72a418cf5\" href=\"http:\/\/medyk.rybnik.pl\/wp-content\/uploads\/2026\/01\/wniosek-o-wydanie-niearchiwalnej2026.docx\">wniosek o wydanie niearchiwalnej2026<\/a><a href=\"http:\/\/medyk.rybnik.pl\/wp-content\/uploads\/2026\/01\/wniosek-o-wydanie-niearchiwalnej2026.docx\" class=\"wp-block-file__button wp-element-button\" download aria-describedby=\"wp-block-file--media-12a6e135-3065-4056-9bc2-3bc72a418cf5\">Pobierz<\/a><\/div>\n\n\n\n<div class=\"wp-block-file\"><a id=\"wp-block-file--media-8aef1aa8-57b1-4a7e-ae1c-3550989355dd\" href=\"http:\/\/medyk.rybnik.pl\/wp-content\/uploads\/2026\/01\/upowaznienie-podopieczny.docx\">upowa\u017cnienie podopieczny<\/a><a href=\"http:\/\/medyk.rybnik.pl\/wp-content\/uploads\/2026\/01\/upowaznienie-podopieczny.docx\" class=\"wp-block-file__button wp-element-button\" download aria-describedby=\"wp-block-file--media-8aef1aa8-57b1-4a7e-ae1c-3550989355dd\">Pobierz<\/a><\/div>\n\n\n\n<p><\/p>\n","protected":false},"excerpt":{"rendered":"<p>OG\u0141OSZENIE O BRAKOWANIU (ZNISZCZENIU) NIEARCHIWALNEJ DOKUMENTACJI MEDYCZNEJ NZOZ Medyk sp. z o.o. w Rybniku informuje o utylizacji niearchiwalnej dokumentacji medycznej wytworzonej przez G\u00f3rniczy Zesp\u00f3\u0142 Opieki Zdrowotnej w Rybniku \u2013 historie choroby pacjent\u00f3w z lat 1989-1995. Kliszy RTG \u2013 z lat 2012-2015Opisy zdj\u0119\u0107 RTG- 2003-2005 Osoby&hellip;<\/p>\n","protected":false},"author":1,"featured_media":0,"parent":356,"menu_order":1,"comment_status":"closed","ping_status":"closed","template":"","meta":{"footnotes":""},"class_list":["post-531","page","type-page","status-publish","hentry"],"jetpack_sharing_enabled":true,"_links":{"self":[{"href":"https:\/\/medyk.rybnik.pl\/index.php?rest_route=\/wp\/v2\/pages\/531","targetHints":{"allow":["GET"]}}],"collection":[{"href":"https:\/\/medyk.rybnik.pl\/index.php?rest_route=\/wp\/v2\/pages"}],"about":[{"href":"https:\/\/medyk.rybnik.pl\/index.php?rest_route=\/wp\/v2\/types\/page"}],"author":[{"embeddable":true,"href":"https:\/\/medyk.rybnik.pl\/index.php?rest_route=\/wp\/v2\/users\/1"}],"replies":[{"embeddable":true,"href":"https:\/\/medyk.rybnik.pl\/index.php?rest_route=%2Fwp%2Fv2%2Fcomments&post=531"}],"version-history":[{"count":1,"href":"https:\/\/medyk.rybnik.pl\/index.php?rest_route=\/wp\/v2\/pages\/531\/revisions"}],"predecessor-version":[{"id":532,"href":"https:\/\/medyk.rybnik.pl\/index.php?rest_route=\/wp\/v2\/pages\/531\/revisions\/532"}],"up":[{"embeddable":true,"href":"https:\/\/medyk.rybnik.pl\/index.php?rest_route=\/wp\/v2\/pages\/356"}],"wp:attachment":[{"href":"https:\/\/medyk.rybnik.pl\/index.php?rest_route=%2Fwp%2Fv2%2Fmedia&parent=531"}],"curies":[{"name":"wp","href":"https:\/\/api.w.org\/{rel}","templated":true}]}}