{"id":55,"date":"2018-03-07T22:05:54","date_gmt":"2018-03-07T22:05:54","guid":{"rendered":"http:\/\/medyk.rybnik.pl\/?page_id=55"},"modified":"2018-03-09T21:21:17","modified_gmt":"2018-03-09T20:21:17","slug":"55-2","status":"publish","type":"page","link":"https:\/\/medyk.rybnik.pl\/?page_id=55","title":{"rendered":"Nocna i \u015awi\u0105teczna opieka zdrowotna"},"content":{"rendered":"<ul>\n<li><span style=\"font-size: 12px;\"><strong>nocna i \u015bwi\u0105teczna opieka zdrowotna<\/strong><\/span><\/li>\n<\/ul>\n<p><span style=\"font-size: 12px;\">od godziny 18:00 do 08:00 w dni powszednie oraz ca\u0142odobowo w dni wolne od pracy i \u015bwi\u0119ta dy\u017cur pe\u0142ni:<\/span><\/p>\n<p><span style=\"font-size: 12px;\">Rybnik<\/span><br \/>\n<span style=\"font-size: 12px;\"> SP ZOZ Wojew\u00f3dzki Szpital Specjalistyczny nr 3 w Rybniku<\/span><br \/>\n<span style=\"font-size: 12px;\"> ul. Energetyk\u00f3w 46 (pawilon nr 6)<\/span><br \/>\n<span style=\"font-size: 12px;\"> porada lekarska ambulatoryjna, porada lekarska udzielana w miejscu zamieszkania lub pobytu pacjenta, porada lekarska udzielana telefonicznie, wizyta piel\u0119gniarska udzielana w miejscu zamieszkania lub pobytu pacjenta, wizyty piel\u0119gniarskie ambulatoryjne<\/span><br \/>\n<span style=\"font-size: 12px;\"> 32 429 25 11<\/span><\/p>\n<p><span style=\"font-size: 12px;\">\u017bory<\/span><br \/>\n<span style=\"font-size: 12px;\"> Miejskie Zak\u0142ady Opieki Zdrowotnej w \u017borach<\/span><br \/>\n<span style=\"font-size: 12px;\"> ul. D\u0105browskiego 20<\/span><br \/>\n<span style=\"font-size: 12px;\"> (wej\u015bcie od strony izby przyj\u0119\u0107)<\/span><br \/>\n<span style=\"font-size: 12px;\"> porada lekarska ambulatoryjna, porada lekarska udzielana w miejscu zamieszkania lub pobytu pacjenta, porada lekarska udzielana telefonicznie, wizyta piel\u0119gniarska udzielana w miejscu zamieszkania lub pobytu pacjenta, wizyty piel\u0119gniarskie ambulatoryjne<\/span><br \/>\n<span style=\"font-size: 12px;\"> 32 434 12 40<\/span><\/p>\n<p><span style=\"font-size: 12px;\"><a href=\"http:\/\/www.nfz-katowice.pl\/?a=gdzie_sie_leczyc&amp;k0=gdzie-sie-leczyc&amp;k1=wyszukiwanie-wg-uslug&amp;s=lista_miast&amp;id_r=7&amp;id_u=409\">http:\/\/www.nfz-katowice.pl\/?a=gdzie_sie_leczyc&amp;k0=gdzie-sie-leczyc&amp;k1=wyszukiwanie-wg-uslug&amp;s=lista_miast&amp;id_r=7&amp;id_u=409<\/a><\/span><\/p>\n<p>&nbsp;<\/p>\n","protected":false},"excerpt":{"rendered":"<p>nocna i \u015bwi\u0105teczna opieka zdrowotna od godziny 18:00 do 08:00 w dni powszednie oraz ca\u0142odobowo w dni wolne od pracy i \u015bwi\u0119ta dy\u017cur pe\u0142ni: Rybnik SP ZOZ Wojew\u00f3dzki Szpital Specjalistyczny nr 3 w Rybniku ul. Energetyk\u00f3w 46 (pawilon nr 6) porada lekarska ambulatoryjna, porada lekarska&hellip;<\/p>\n","protected":false},"author":1,"featured_media":0,"parent":0,"menu_order":0,"comment_status":"closed","ping_status":"closed","template":"","meta":{"footnotes":""},"class_list":["post-55","page","type-page","status-publish","hentry"],"jetpack_sharing_enabled":true,"_links":{"self":[{"href":"https:\/\/medyk.rybnik.pl\/index.php?rest_route=\/wp\/v2\/pages\/55","targetHints":{"allow":["GET"]}}],"collection":[{"href":"https:\/\/medyk.rybnik.pl\/index.php?rest_route=\/wp\/v2\/pages"}],"about":[{"href":"https:\/\/medyk.rybnik.pl\/index.php?rest_route=\/wp\/v2\/types\/page"}],"author":[{"embeddable":true,"href":"https:\/\/medyk.rybnik.pl\/index.php?rest_route=\/wp\/v2\/users\/1"}],"replies":[{"embeddable":true,"href":"https:\/\/medyk.rybnik.pl\/index.php?rest_route=%2Fwp%2Fv2%2Fcomments&post=55"}],"version-history":[{"count":5,"href":"https:\/\/medyk.rybnik.pl\/index.php?rest_route=\/wp\/v2\/pages\/55\/revisions"}],"predecessor-version":[{"id":111,"href":"https:\/\/medyk.rybnik.pl\/index.php?rest_route=\/wp\/v2\/pages\/55\/revisions\/111"}],"wp:attachment":[{"href":"https:\/\/medyk.rybnik.pl\/index.php?rest_route=%2Fwp%2Fv2%2Fmedia&parent=55"}],"curies":[{"name":"wp","href":"https:\/\/api.w.org\/{rel}","templated":true}]}}